{"id":26534,"date":"2025-07-08T13:41:58","date_gmt":"2025-07-08T11:41:59","guid":{"rendered":"https:\/\/majordocs.org\/?post_type=product&#038;p=26534"},"modified":"2025-10-25T11:40:41","modified_gmt":"2025-10-25T09:40:41","slug":"pitch","status":"publish","type":"product","link":"https:\/\/majordocs.org\/ca\/producto\/pitch\/","title":{"rendered":"PITCH"},"content":{"rendered":"<p>Per a participar en el pitch de projectes, \u00e9s necessari emplenar el seg\u00fcent formulari d&#8217;inscripci\u00f3.<\/p>\n<p>Abans d&#8217;inscriure&#8217;t, et recomanem llegir detingudament les bases de participaci\u00f3, on trobar\u00e0s tota la informaci\u00f3 sobre els requisits, criteris de selecci\u00f3 i condicions generals del *pitch. Pots consultar-les aqu\u00ed: <a href=\"https:\/\/majordocs.org\/wp-content\/uploads\/2025\/08\/Bases-MajorDocs-Pitch-2025_castpdf.pdf\" target=\"_blank\" rel=\"noopener\">Bases<\/a><\/p>\n<p>El termini d&#8217;inscripci\u00f3 romandr\u00e0 obert fins a\u00a0 <strong>30\/09\/25<\/strong><\/p>\n<p>La data d&#8217;anunci dels projectes seleccionats ser\u00e0 el 30\/10\/25<\/p>\n","protected":false},"excerpt":{"rendered":"<p><br data-mce-bogus=\"1\"><\/p>\n","protected":false},"featured_media":10901,"template":"","meta":[],"product_brand":[],"product_cat":[1310],"product_tag":[1457],"class_list":{"0":"post-26534","1":"product","2":"type-product","3":"status-publish","4":"has-post-thumbnail","6":"product_cat-uncategorized","7":"product_tag-pitch-ca","9":"first","10":"instock","11":"virtual","12":"taxable","13":"purchasable","14":"product-type-simple"},"_links":{"self":[{"href":"https:\/\/majordocs.org\/ca\/wp-json\/wp\/v2\/product\/26534","targetHints":{"allow":["GET"]}}],"collection":[{"href":"https:\/\/majordocs.org\/ca\/wp-json\/wp\/v2\/product"}],"about":[{"href":"https:\/\/majordocs.org\/ca\/wp-json\/wp\/v2\/types\/product"}],"wp:featuredmedia":[{"embeddable":true,"href":"https:\/\/majordocs.org\/ca\/wp-json\/wp\/v2\/media\/10901"}],"wp:attachment":[{"href":"https:\/\/majordocs.org\/ca\/wp-json\/wp\/v2\/media?parent=26534"}],"wp:term":[{"taxonomy":"product_brand","embeddable":true,"href":"https:\/\/majordocs.org\/ca\/wp-json\/wp\/v2\/product_brand?post=26534"},{"taxonomy":"product_cat","embeddable":true,"href":"https:\/\/majordocs.org\/ca\/wp-json\/wp\/v2\/product_cat?post=26534"},{"taxonomy":"product_tag","embeddable":true,"href":"https:\/\/majordocs.org\/ca\/wp-json\/wp\/v2\/product_tag?post=26534"}],"curies":[{"name":"wp","href":"https:\/\/api.w.org\/{rel}","templated":true}]}}