{"id":26533,"date":"2025-07-08T13:41:58","date_gmt":"2025-07-08T11:41:59","guid":{"rendered":"https:\/\/majordocs.org\/?post_type=product&#038;p=26533"},"modified":"2025-10-25T11:40:11","modified_gmt":"2025-10-25T09:40:11","slug":"pitch","status":"publish","type":"product","link":"https:\/\/majordocs.org\/es\/producto\/pitch\/","title":{"rendered":"PITCH"},"content":{"rendered":"<blockquote><p>Para participar en el pitch de proyectos, es necesario cumplimentar el siguiente formulario de inscripci\u00f3n.<\/p><\/blockquote>\n<blockquote><p>Antes de inscribirte, te recomendamos leer detenidamente las\u00a0<span class=\"s1\"><b>bases de participaci\u00f3n<\/b><\/span>, donde encontrar\u00e1s toda la informaci\u00f3n sobre los requisitos, criterios de selecci\u00f3n y condiciones generales del pitch. Puedes consultarlas aqu\u00ed: <a href=\"https:\/\/majordocs.org\/wp-content\/uploads\/2025\/08\/Bases-MajorDocs-Pitch-2025_castpdf.pdf\" target=\"_blank\" rel=\"noopener\">Bases<\/a><\/p><\/blockquote>\n<blockquote><p>El plazo de inscripci\u00f3n permanecer\u00e1 abierto hasta <strong>30\/09\/25<\/strong>.<\/p><\/blockquote>\n<blockquote><p>La fecha de anuncio de proyectos seleccionados ser\u00e1 el <strong>30\/10\/25<\/strong><\/p><\/blockquote>\n","protected":false},"excerpt":{"rendered":"<p>Para participar en el pitch de proyectos, es necesario cumplimentar el siguiente formulario de inscripci\u00f3n. Antes de inscribirte, te recomendamos leer detenidamente las\u00a0bases de participaci\u00f3n, donde encontrar\u00e1s toda la informaci\u00f3n [&hellip;]<\/p>\n","protected":false},"featured_media":10902,"template":"","meta":[],"product_brand":[],"product_cat":[1311],"product_tag":[1456],"class_list":{"0":"post-26533","1":"product","2":"type-product","3":"status-publish","4":"has-post-thumbnail","6":"product_cat-sin-categorizar","7":"product_tag-pitch-es","9":"first","10":"instock","11":"virtual","12":"taxable","13":"purchasable","14":"product-type-simple"},"_links":{"self":[{"href":"https:\/\/majordocs.org\/es\/wp-json\/wp\/v2\/product\/26533","targetHints":{"allow":["GET"]}}],"collection":[{"href":"https:\/\/majordocs.org\/es\/wp-json\/wp\/v2\/product"}],"about":[{"href":"https:\/\/majordocs.org\/es\/wp-json\/wp\/v2\/types\/product"}],"wp:featuredmedia":[{"embeddable":true,"href":"https:\/\/majordocs.org\/es\/wp-json\/wp\/v2\/media\/10902"}],"wp:attachment":[{"href":"https:\/\/majordocs.org\/es\/wp-json\/wp\/v2\/media?parent=26533"}],"wp:term":[{"taxonomy":"product_brand","embeddable":true,"href":"https:\/\/majordocs.org\/es\/wp-json\/wp\/v2\/product_brand?post=26533"},{"taxonomy":"product_cat","embeddable":true,"href":"https:\/\/majordocs.org\/es\/wp-json\/wp\/v2\/product_cat?post=26533"},{"taxonomy":"product_tag","embeddable":true,"href":"https:\/\/majordocs.org\/es\/wp-json\/wp\/v2\/product_tag?post=26533"}],"curies":[{"name":"wp","href":"https:\/\/api.w.org\/{rel}","templated":true}]}}